{"id":38,"date":"2019-08-31T13:45:07","date_gmt":"2019-08-31T13:45:07","guid":{"rendered":"http:\/\/cuc.naedele.eu\/?page_id=38"},"modified":"2019-09-01T21:06:33","modified_gmt":"2019-09-01T21:06:33","slug":"about","status":"publish","type":"page","link":"http:\/\/cuc.naedele.eu\/?page_id=38","title":{"rendered":"About"},"content":{"rendered":"\n<p>Diese Seite wird privat f\u00fcr den ehrenamtlichen Kurs &#8222;Computer &amp; Co&#8220; im Rahmen der Ganztagsbetreuung der Grundschule Einsingen verwendet.<\/p>\n\n\n\n<p>J\u00f6rg N\u00e4dele<br>Hag\u00e4ckerstr. 16<br>89079 Ulm<\/p>\n\n\n\n<p>cuc@naedele.eu<\/p>\n","protected":false},"excerpt":{"rendered":"<p>Diese Seite wird privat f\u00fcr den ehrenamtlichen Kurs &#8222;Computer &amp; Co&#8220; im Rahmen der Ganztagsbetreuung der Grundschule Einsingen verwendet. J\u00f6rg N\u00e4deleHag\u00e4ckerstr. 1689079 Ulm cuc@naedele.eu<\/p>\n","protected":false},"author":1,"featured_media":0,"parent":0,"menu_order":0,"comment_status":"closed","ping_status":"closed","template":"","meta":{"footnotes":""},"class_list":["post-38","page","type-page","status-publish","hentry"],"_links":{"self":[{"href":"http:\/\/cuc.naedele.eu\/index.php?rest_route=\/wp\/v2\/pages\/38","targetHints":{"allow":["GET"]}}],"collection":[{"href":"http:\/\/cuc.naedele.eu\/index.php?rest_route=\/wp\/v2\/pages"}],"about":[{"href":"http:\/\/cuc.naedele.eu\/index.php?rest_route=\/wp\/v2\/types\/page"}],"author":[{"embeddable":true,"href":"http:\/\/cuc.naedele.eu\/index.php?rest_route=\/wp\/v2\/users\/1"}],"replies":[{"embeddable":true,"href":"http:\/\/cuc.naedele.eu\/index.php?rest_route=%2Fwp%2Fv2%2Fcomments&post=38"}],"version-history":[{"count":3,"href":"http:\/\/cuc.naedele.eu\/index.php?rest_route=\/wp\/v2\/pages\/38\/revisions"}],"predecessor-version":[{"id":116,"href":"http:\/\/cuc.naedele.eu\/index.php?rest_route=\/wp\/v2\/pages\/38\/revisions\/116"}],"wp:attachment":[{"href":"http:\/\/cuc.naedele.eu\/index.php?rest_route=%2Fwp%2Fv2%2Fmedia&parent=38"}],"curies":[{"name":"wp","href":"https:\/\/api.w.org\/{rel}","templated":true}]}}